{"id":532,"date":"2025-11-09T09:52:05","date_gmt":"2025-11-09T08:52:05","guid":{"rendered":"https:\/\/centralparc-mb.fr\/?page_id=532"},"modified":"2025-11-09T09:52:05","modified_gmt":"2025-11-09T08:52:05","slug":"article-paru-dans-le-mignalien-daout-2025","status":"publish","type":"page","link":"https:\/\/centralparc-mb.fr\/?page_id=532","title":{"rendered":"Article paru dans Le \u00ab\u00a0Mignalien\u00a0\u00bb\u00a0 d\u2019Ao\u00fbt 2025"},"content":{"rendered":"\n<blockquote class=\"wp-block-quote is-layout-flow wp-block-quote-is-layout-flow\">\n<p><strong>Notre association agit dans l\u2019int\u00e9r\u00eat des habitants pour r\u00e9pondre au probl\u00e8me de la circulation routi\u00e8re qui d\u00e9grade les conditions de vie, sant\u00e9 et s\u00e9curit\u00e9 des riverains, des enfants de la cr\u00e8che et des \u00e9coles, et qui concerne tous les usagers des routes de notre secteur.<\/strong><\/p>\n<\/blockquote>\n\n\n\n<h2 class=\"wp-block-heading\"><strong>NOTRE OBJECTIF\u00a0: UNE DEVIATION COMME PARTOUT AILLEURS<\/strong><\/h2>\n\n\n\n<p>La d\u00e9viation de la RN 147 est la demande l\u00e9gitime et r\u00e9p\u00e9t\u00e9e d\u2019une grande majorit\u00e9 des Mignaliens. Nous avons \u00e0 maintes reprises alert\u00e9 nos \u00e9lus sur le risque de voir une nouvelle fois le projet enlis\u00e9.<\/p>\n\n\n\n<p><strong>Vers un r\u00e9veil du projet ?<\/strong><\/p>\n\n\n\n<p>Apr\u00e8s le vote d\u2019un financement d\u00e9di\u00e9 \u00e0 la reprise des \u00e9tudes sur la RN 147, dont la d\u00e9viation de Lhommaiz\u00e9 et l\u2019entr\u00e9e sud-est de Poitiers, l\u2019Etat vient enfin de reprendre l\u2019initiative, le Pr\u00e9fet de la Vienne\u00a0ayant r\u00e9uni en Mai les collectivit\u00e9s concern\u00e9es sur leurs\u00a0attentes\u00a0et les\u00a0sc\u00e9narios d\u2019\u00e9tude possibles.<\/p>\n\n\n\n<p><strong>Plus d\u2019habitants et un trafic encore \u00e0 la hausse<\/strong><\/p>\n\n\n\n<p>Le trafic\u00a0continue d\u2019augmenter : il atteint <mark style=\"background-color:rgba(0, 0, 0, 0)\" class=\"has-inline-color has-accent-color\">20000 v\u00e9hicules par jour<\/mark> sur la RN 147, dont <mark style=\"background-color:rgba(0, 0, 0, 0)\" class=\"has-inline-color has-accent-color\">2400 poids lourds<\/mark> ? Rien d\u2019\u00e9tonnant car c\u2019est dans les communes du Sud-Est que la population augmente le plus, conduisant \u00e0 encore plus de congestion sur les voies de notre secteur.\u00a0 Nous nous pr\u00e9occupons du r\u00e9el danger du passage des poids lourds en travers\u00e9e de Mignaloux comme de la sant\u00e9 des enfants des \u00e9coles \u00e0 50 m de la RN 147.<\/p>\n\n\n\n<p>La r\u00e9novation de la ligne SNCF voyageurs Poitiers-Limoges ne saurait faire oublier la n\u00e9cessit\u00e9 d\u2019une d\u00e9viation routi\u00e8re pour d\u00e9lester les centre-bourgs, dont celui de Mignaloux, du passage des poids-lourds. Nous d\u00e9fendons le projet d\u2019une d\u00e9viation hors des\u00a0 zones les plus habit\u00e9es par le trac\u00e9 Nord long, seul \u00e0 prendre en compte la RN 147 et la RD 951 et \u00e0 soulager la vie des milliers de riverains,\u00a0 seule solution pour une circulation apais\u00e9e permettant des transports collectifs s\u00fbrs et efficaces.<\/p>\n\n\n\n<h2 class=\"wp-block-heading\"><strong>CENTRAL PARC M-B\u00a0 AGIT<\/strong><\/h2>\n\n\n\n<p>A <strong>l\u2019ETAT<\/strong> de jouer son r\u00f4le sur une route nationale ; nous avons <strong>sollicit\u00e9 la Pr\u00e9fecture par \u00e9crit en Avril.<\/strong><\/p>\n\n\n\n<p>Aux <strong>ELUS <\/strong>&nbsp;de trouver des solutions pour un contournement coh\u00e9rent qui r\u00e9ponde aux besoins de la population de tout ce secteur, la sant\u00e9 des habitants et la s\u00e9curit\u00e9 des usagers et nous sommes en contact r\u00e9gulier avec nos \u00e9lus territoriaux, d\u00e9put\u00e9, s\u00e9nateur, conseillers d\u00e9partementaux et notre municipalit\u00e9.<\/p>\n\n\n\n<p>L\u2019\u00e9ch\u00e9ance des \u00e9lections municipales approchant, nous demanderons aux candidats quels seront&nbsp; leurs engagements et actions pr\u00e9vues&nbsp; sur le sujet pour le prochain mandat.<\/p>\n\n\n\n<h2 class=\"wp-block-heading\"><strong>MOBILIS\u00c9S<\/strong><\/h2>\n\n\n\n<blockquote class=\"wp-block-quote is-layout-flow wp-block-quote-is-layout-flow\">\n<p><strong>Mignaliens, \u00e0 court, moyen ou long terme, nous devrons\u00a0 peser sur les d\u00e9cisions et r\u00e9agir \u00e0 tout projet qui n\u2019irait pas dans le sens d\u2019am\u00e9nagements nous donnant satisfaction. Rejoignez-nous, CONTACTEZ-NOUS<\/strong> <a href=\"mailto:centralparcmb@gmail.com\"><strong>centralparcmb@gmail.com<\/strong><\/a><strong> et INFORMEZ-VOUS sur notre SITE<\/strong> <strong>http\/centralparc-mb.fr<\/strong><\/p>\n<\/blockquote>\n\n\n\n<p><\/p>\n","protected":false},"excerpt":{"rendered":"<p>Notre association agit dans l\u2019int\u00e9r\u00eat des habitants pour r\u00e9pondre au probl\u00e8me de la circulation routi\u00e8re qui d\u00e9grade les conditions de vie, sant\u00e9 et s\u00e9curit\u00e9 des riverains, des enfants de la [&hellip;]<\/p>\n","protected":false},"author":1,"featured_media":0,"parent":0,"menu_order":0,"comment_status":"closed","ping_status":"closed","template":"","meta":{"footnotes":""},"class_list":["post-532","page","type-page","status-publish","hentry"],"_links":{"self":[{"href":"https:\/\/centralparc-mb.fr\/index.php?rest_route=\/wp\/v2\/pages\/532","targetHints":{"allow":["GET"]}}],"collection":[{"href":"https:\/\/centralparc-mb.fr\/index.php?rest_route=\/wp\/v2\/pages"}],"about":[{"href":"https:\/\/centralparc-mb.fr\/index.php?rest_route=\/wp\/v2\/types\/page"}],"author":[{"embeddable":true,"href":"https:\/\/centralparc-mb.fr\/index.php?rest_route=\/wp\/v2\/users\/1"}],"replies":[{"embeddable":true,"href":"https:\/\/centralparc-mb.fr\/index.php?rest_route=%2Fwp%2Fv2%2Fcomments&post=532"}],"version-history":[{"count":1,"href":"https:\/\/centralparc-mb.fr\/index.php?rest_route=\/wp\/v2\/pages\/532\/revisions"}],"predecessor-version":[{"id":533,"href":"https:\/\/centralparc-mb.fr\/index.php?rest_route=\/wp\/v2\/pages\/532\/revisions\/533"}],"wp:attachment":[{"href":"https:\/\/centralparc-mb.fr\/index.php?rest_route=%2Fwp%2Fv2%2Fmedia&parent=532"}],"curies":[{"name":"wp","href":"https:\/\/api.w.org\/{rel}","templated":true}]}}