{"id":522,"date":"2025-11-09T08:35:24","date_gmt":"2025-11-09T07:35:24","guid":{"rendered":"https:\/\/centralparc-mb.fr\/?page_id=522"},"modified":"2025-11-09T08:35:24","modified_gmt":"2025-11-09T07:35:24","slug":"2eme-projet-valeco","status":"publish","type":"page","link":"https:\/\/centralparc-mb.fr\/?page_id=522","title":{"rendered":"2\u00e8me projet VALECO"},"content":{"rendered":"\n<p>Valeco a pr\u00e9sent\u00e9 une nouvelle version de son projet de centrale photovolta\u00efque route de la Plaine, associ\u00e9 \u00e0 un \u00e9levage bovin, au lieu d\u2019un \u00e9levage de poulets. Une seconde enqu\u00eate publique s\u2019est d\u00e9roul\u00e9e en juillet.<br>Nous avons rencontr\u00e9 la Commissaire Enqu\u00eatrice et adress\u00e9 nos remarques \u00e9crites, qui concluent au caract\u00e8re <strong>tout \u00e0 fait inopportun<\/strong> de cette installation de grande envergure \u00e0 cet emplacement pour les raisons ci-dessous :<\/p>\n\n\n\n<ul class=\"wp-block-list\">\n<li>Par son<mark style=\"background-color:rgba(0, 0, 0, 0)\" class=\"has-inline-color has-accent-color\"> impact environnemental important,<\/mark> notamment visuel, \u00e0 proximit\u00e9 de zones d\u2019habitations.<\/li>\n\n\n\n<li>En raison du <mark style=\"background-color:rgba(0, 0, 0, 0)\" class=\"has-inline-color has-accent-color\">cumul de multiples projets de ce type<\/mark> dans un rayon de 7 km, engendrant sp\u00e9culation fonci\u00e8re, changement de destination des sols, effet de saturation sur les paysages.<\/li>\n\n\n\n<li>Parce que <mark style=\"background-color:rgba(0, 0, 0, 0)\" class=\"has-inline-color has-accent-color\">Mignaloux-Beauvoir contribue d\u00e9j\u00e0 largement<\/mark> \u00e0 promouvoir les Energies renouvelables (solaire photovolta\u00efque sur parkings, r\u00e9seau de chaleur urbain\u2026) pour se voir imposer un \u00e9quipement avec un tel impact en entr\u00e9e de la commune.<\/li>\n<\/ul>\n\n\n\n<p>Fin Septembre, le Pr\u00e9fet de la Vienne vient de refuser le permis de construire d\u00e9pos\u00e9 par Valeco.<\/p>\n\n\n\n<div class=\"wp-block-file\"><a id=\"wp-block-file--media-5db5dd48-e8cc-4022-b929-2fade190aa98\" href=\"http:\/\/centralparc-mb.fr\/wp-content\/uploads\/2025\/11\/Central-Parc-MB-Avis-sur-VALECO-5.07.25.pdf\">N<strong>otre avis sur le projet adress\u00e9 \u00e0 la Commissaire Enqu\u00eatrice.<\/strong><\/a><a href=\"http:\/\/centralparc-mb.fr\/wp-content\/uploads\/2025\/11\/Central-Parc-MB-Avis-sur-VALECO-5.07.25.pdf\" class=\"wp-block-file__button wp-element-button\" download aria-describedby=\"wp-block-file--media-5db5dd48-e8cc-4022-b929-2fade190aa98\">T\u00e9l\u00e9charger<\/a><\/div>\n\n\n\n<p><\/p>\n","protected":false},"excerpt":{"rendered":"<p>Valeco a pr\u00e9sent\u00e9 une nouvelle version de son projet de centrale photovolta\u00efque route de la Plaine, associ\u00e9 \u00e0 un \u00e9levage bovin, au lieu d\u2019un \u00e9levage de poulets. Une seconde enqu\u00eate [&hellip;]<\/p>\n","protected":false},"author":1,"featured_media":0,"parent":0,"menu_order":0,"comment_status":"closed","ping_status":"closed","template":"","meta":{"footnotes":""},"class_list":["post-522","page","type-page","status-publish","hentry"],"_links":{"self":[{"href":"https:\/\/centralparc-mb.fr\/index.php?rest_route=\/wp\/v2\/pages\/522","targetHints":{"allow":["GET"]}}],"collection":[{"href":"https:\/\/centralparc-mb.fr\/index.php?rest_route=\/wp\/v2\/pages"}],"about":[{"href":"https:\/\/centralparc-mb.fr\/index.php?rest_route=\/wp\/v2\/types\/page"}],"author":[{"embeddable":true,"href":"https:\/\/centralparc-mb.fr\/index.php?rest_route=\/wp\/v2\/users\/1"}],"replies":[{"embeddable":true,"href":"https:\/\/centralparc-mb.fr\/index.php?rest_route=%2Fwp%2Fv2%2Fcomments&post=522"}],"version-history":[{"count":2,"href":"https:\/\/centralparc-mb.fr\/index.php?rest_route=\/wp\/v2\/pages\/522\/revisions"}],"predecessor-version":[{"id":525,"href":"https:\/\/centralparc-mb.fr\/index.php?rest_route=\/wp\/v2\/pages\/522\/revisions\/525"}],"wp:attachment":[{"href":"https:\/\/centralparc-mb.fr\/index.php?rest_route=%2Fwp%2Fv2%2Fmedia&parent=522"}],"curies":[{"name":"wp","href":"https:\/\/api.w.org\/{rel}","templated":true}]}}