{"id":249,"date":"2023-04-13T23:25:01","date_gmt":"2023-04-13T21:25:01","guid":{"rendered":"http:\/\/centralparc-mb.fr\/?page_id=249"},"modified":"2023-06-04T16:26:33","modified_gmt":"2023-06-04T14:26:33","slug":"ce-que-nous-proposons","status":"publish","type":"page","link":"https:\/\/centralparc-mb.fr\/?page_id=249","title":{"rendered":"Ce que nous proposons"},"content":{"rendered":"\n<h4 class=\"wp-block-heading has-subtle-background-background-color has-background\">Une d\u00e9viation en urgence et pas dans 15 ans&nbsp;!<\/h4>\n\n\n\n<p>Un projet routier durable, dans l\u2019int\u00e9r\u00eat du plus grand nombre des habitants, en recherchant la solution la plus adapt\u00e9e pour un impact moindre sur l\u2019habitat et les milieux naturels et agricoles.<\/p>\n\n\n\n<h4 class=\"wp-block-heading has-subtle-background-background-color has-background\">Un <a href=\"http:\/\/centralparc-mb.fr\/?page_id=176\">trac\u00e9 Nord long<\/a> est le seul qui peut capter les v\u00e9hicules en transit et les camions circulant sur les RN 147 et RD 951.<\/h4>\n\n\n\n<p>Il soulagerait la vie de milliers d\u2019habitants \u00e0 proximit\u00e9, avec une circulation bien plus s\u00fbre et fluide au b\u00e9n\u00e9fice de tous les usagers.<\/p>\n\n\n\n<p class=\"has-drop-cap\">Nous demandons que l\u2019ETAT, seul responsable de la Route Nationale et Europ\u00e9enne Poitiers-Limoges, reprenne la main<br>et d\u00e9cide un projet de contournement\u00a0:<\/p>\n\n\n\n<ul class=\"wp-block-list\">\n<li><mark style=\"background-color:rgba(0, 0, 0, 0)\" class=\"has-inline-color has-accent-color\"><strong>coh\u00e9rent<\/strong><\/mark>, qui remette au c\u0153ur du sujet l\u2019humain, la sant\u00e9 des habitants et la s\u00e9curit\u00e9 des d\u00e9placements\u00a0;<\/li>\n\n\n\n<li><mark style=\"background-color:rgba(0, 0, 0, 0)\" class=\"has-inline-color has-accent-color\"><strong>durable<\/strong><\/mark>, qui lib\u00e8re de l\u2019espace sur ces voies et all\u00e8ge les flux routiers\u00a0;<\/li>\n\n\n\n<li><mark style=\"background-color:rgba(0, 0, 0, 0)\" class=\"has-inline-color has-accent-color\"><strong>d\u2019AVENIR<\/strong><\/mark>, qui permette ensuite et uniquement ensuite, une fois les camions d\u00e9tourn\u00e9s, d\u2019am\u00e9nager la RN 147 et RD 951 avec des offres de transports diversifi\u00e9es, attractives et s\u00e9curis\u00e9es pour la population.<\/li>\n<\/ul>\n","protected":false},"excerpt":{"rendered":"<p>Une d\u00e9viation en urgence et pas dans 15 ans&nbsp;! Un projet routier durable, dans l\u2019int\u00e9r\u00eat du plus grand nombre des habitants, en recherchant la solution la plus adapt\u00e9e pour un [&hellip;]<\/p>\n","protected":false},"author":1,"featured_media":0,"parent":0,"menu_order":0,"comment_status":"closed","ping_status":"closed","template":"","meta":{"footnotes":""},"class_list":["post-249","page","type-page","status-publish","hentry"],"_links":{"self":[{"href":"https:\/\/centralparc-mb.fr\/index.php?rest_route=\/wp\/v2\/pages\/249","targetHints":{"allow":["GET"]}}],"collection":[{"href":"https:\/\/centralparc-mb.fr\/index.php?rest_route=\/wp\/v2\/pages"}],"about":[{"href":"https:\/\/centralparc-mb.fr\/index.php?rest_route=\/wp\/v2\/types\/page"}],"author":[{"embeddable":true,"href":"https:\/\/centralparc-mb.fr\/index.php?rest_route=\/wp\/v2\/users\/1"}],"replies":[{"embeddable":true,"href":"https:\/\/centralparc-mb.fr\/index.php?rest_route=%2Fwp%2Fv2%2Fcomments&post=249"}],"version-history":[{"count":7,"href":"https:\/\/centralparc-mb.fr\/index.php?rest_route=\/wp\/v2\/pages\/249\/revisions"}],"predecessor-version":[{"id":308,"href":"https:\/\/centralparc-mb.fr\/index.php?rest_route=\/wp\/v2\/pages\/249\/revisions\/308"}],"wp:attachment":[{"href":"https:\/\/centralparc-mb.fr\/index.php?rest_route=%2Fwp%2Fv2%2Fmedia&parent=249"}],"curies":[{"name":"wp","href":"https:\/\/api.w.org\/{rel}","templated":true}]}}