{"id":247,"date":"2023-04-13T23:18:59","date_gmt":"2023-04-13T21:18:59","guid":{"rendered":"http:\/\/centralparc-mb.fr\/?page_id=247"},"modified":"2023-06-04T15:58:04","modified_gmt":"2023-06-04T13:58:04","slug":"pourquoi-nous-devons-agir","status":"publish","type":"page","link":"https:\/\/centralparc-mb.fr\/?page_id=247","title":{"rendered":"Pourquoi nous agissons !"},"content":{"rendered":"\n<p class=\"has-drop-cap\">Ca ne peut plus durer&nbsp;: partout les centre bourgs sont contourn\u00e9s et le trafic international est d\u00e9vi\u00e9 comme \u00e0 Fleur\u00e9, \u00e0 Mign\u00e9-Auxances et bient\u00f4t \u00e0 Lussac- les-Ch\u00e2teaux.<\/p>\n\n\n\n<ul class=\"wp-block-list\">\n<li>Pour que des milliers de riverains, enfants des \u00e9coles, habitants, retrouvent des conditions de VIE et de SANT\u00c9 acceptables&nbsp;<\/li>\n\n\n\n<li>Pour que les usagers y circulent en S\u00c9CURIT\u00c9, sans les dangers de la cohabitation du trafic local, r\u00e9gional et international.<\/li>\n\n\n\n<li>l\u2019\u00c9tat a ent\u00e9rin\u00e9 un projet de d\u00e9viation par le Nord (long) en 2006, sans suite. En 2019, L\u2019\u00c9tat a repris le projet avec 6 sc\u00e9narios. Le 14 Mars 2019, nous remettions au Maire et \u00e9lus territoriaux notre p\u00e9tition sign\u00e9e par 1200 habitants favorables \u00e0 un itin\u00e9raire au Nord long et oppos\u00e9s aux trac\u00e9s Centre maintenant tout le trafic sur place.<br>A l\u2019automne 2022, le Bureau Communautaire de Grand Poitiers s\u2019est autoris\u00e9e \u00e0 proposer ses propres projets sur la commune de Mignaloux-Beauvoir&nbsp;:<\/li>\n<\/ul>\n\n\n\n<p class=\"has-drop-cap\">A l\u2019automne 2022, le Bureau Communautaire de Grand Poitiers s\u2019est autoris\u00e9 \u00e0 proposer ses propres projets sur la commune de Mignaloux-Beauvoir&nbsp;:<\/p>\n\n\n\n<ul class=\"wp-block-list\">\n<li>l\u2019\u00e9largissement de la RN 147 pour y ajouter des voies de bus et piste cyclable, au beau milieu des trafics actuels des voitures et camions, en 1 \u00e8re \u00e9tape et AVANT toute d\u00e9viation&nbsp;!<\/li>\n\n\n\n<li>\u00e0 bien plus longue \u00e9ch\u00e9ance (15 ans), un contournement de Mignaloux-Beauvoir dont le trac\u00e9 passe\u2026 en son centre&nbsp;!<br>Deux projets incoh\u00e9rents dans leur calendrier et calamiteux pour la commune, contre lesquels ont r\u00e9agi en bloc les<br>associations, la municipalit\u00e9 et tous nos \u00e9lus, lors de nos manifestations des 20 Octobre et 7 Novembre 2022.<br><\/li>\n<\/ul>\n\n\n\n<p class=\"has-drop-cap\">Avec nos \u00e9lus, nous r\u00e9affirmons \u00ab&nbsp;que <mark style=\"background-color:rgba(0, 0, 0, 0)\" class=\"has-inline-color has-accent-color\"><strong>la d\u00e9viation est un pr\u00e9alable indispensable et obligatoire avant tout r\u00e9am\u00e9nagement<\/strong><\/mark> de la RN 147 et de la RD 951&nbsp;\u00bb et nous continuerons \u00e0 agir contre tout projet qui n\u2019irait pas dans ce sens.<\/p>\n\n\n\n<figure class=\"wp-block-gallery has-nested-images columns-default is-cropped wp-block-gallery-1 is-layout-flex wp-block-gallery-is-layout-flex\">\n<figure class=\"wp-block-image size-large\"><img loading=\"lazy\" decoding=\"async\" width=\"1024\" height=\"683\" data-id=\"239\" src=\"http:\/\/centralparc-mb.fr\/wp-content\/uploads\/2023\/04\/6-MARS-REMISE-PETITION-MAIRIE-2-1024x683.jpeg\" alt=\"\" class=\"wp-image-239\" srcset=\"https:\/\/centralparc-mb.fr\/wp-content\/uploads\/2023\/04\/6-MARS-REMISE-PETITION-MAIRIE-2-1024x683.jpeg 1024w, https:\/\/centralparc-mb.fr\/wp-content\/uploads\/2023\/04\/6-MARS-REMISE-PETITION-MAIRIE-2-300x200.jpeg 300w, https:\/\/centralparc-mb.fr\/wp-content\/uploads\/2023\/04\/6-MARS-REMISE-PETITION-MAIRIE-2-768x512.jpeg 768w, https:\/\/centralparc-mb.fr\/wp-content\/uploads\/2023\/04\/6-MARS-REMISE-PETITION-MAIRIE-2-1536x1024.jpeg 1536w, https:\/\/centralparc-mb.fr\/wp-content\/uploads\/2023\/04\/6-MARS-REMISE-PETITION-MAIRIE-2-2048x1365.jpeg 2048w, https:\/\/centralparc-mb.fr\/wp-content\/uploads\/2023\/04\/6-MARS-REMISE-PETITION-MAIRIE-2-1200x800.jpeg 1200w, https:\/\/centralparc-mb.fr\/wp-content\/uploads\/2023\/04\/6-MARS-REMISE-PETITION-MAIRIE-2-1980x1320.jpeg 1980w\" sizes=\"auto, (max-width: 1024px) 100vw, 1024px\" \/><figcaption class=\"wp-element-caption\">2019<\/figcaption><\/figure>\n\n\n\n<figure class=\"wp-block-image size-large\"><img loading=\"lazy\" decoding=\"async\" width=\"1024\" height=\"683\" data-id=\"240\" src=\"http:\/\/centralparc-mb.fr\/wp-content\/uploads\/2023\/04\/PB089637-devant-Mairie-vue-arriere-4-1024x683.jpg\" alt=\"\" class=\"wp-image-240\" srcset=\"https:\/\/centralparc-mb.fr\/wp-content\/uploads\/2023\/04\/PB089637-devant-Mairie-vue-arriere-4-1024x683.jpg 1024w, https:\/\/centralparc-mb.fr\/wp-content\/uploads\/2023\/04\/PB089637-devant-Mairie-vue-arriere-4-300x200.jpg 300w, https:\/\/centralparc-mb.fr\/wp-content\/uploads\/2023\/04\/PB089637-devant-Mairie-vue-arriere-4-768x512.jpg 768w, https:\/\/centralparc-mb.fr\/wp-content\/uploads\/2023\/04\/PB089637-devant-Mairie-vue-arriere-4-1536x1024.jpg 1536w, https:\/\/centralparc-mb.fr\/wp-content\/uploads\/2023\/04\/PB089637-devant-Mairie-vue-arriere-4-2048x1365.jpg 2048w, https:\/\/centralparc-mb.fr\/wp-content\/uploads\/2023\/04\/PB089637-devant-Mairie-vue-arriere-4-1200x800.jpg 1200w, https:\/\/centralparc-mb.fr\/wp-content\/uploads\/2023\/04\/PB089637-devant-Mairie-vue-arriere-4-1980x1320.jpg 1980w\" sizes=\"auto, (max-width: 1024px) 100vw, 1024px\" \/><figcaption class=\"wp-element-caption\">2022<\/figcaption><\/figure>\n<\/figure>\n","protected":false},"excerpt":{"rendered":"<p>Ca ne peut plus durer&nbsp;: partout les centre bourgs sont contourn\u00e9s et le trafic international est d\u00e9vi\u00e9 comme \u00e0 Fleur\u00e9, \u00e0 Mign\u00e9-Auxances et bient\u00f4t \u00e0 Lussac- les-Ch\u00e2teaux. A l\u2019automne 2022, [&hellip;]<\/p>\n","protected":false},"author":1,"featured_media":0,"parent":0,"menu_order":0,"comment_status":"closed","ping_status":"closed","template":"","meta":{"footnotes":""},"class_list":["post-247","page","type-page","status-publish","hentry"],"_links":{"self":[{"href":"https:\/\/centralparc-mb.fr\/index.php?rest_route=\/wp\/v2\/pages\/247","targetHints":{"allow":["GET"]}}],"collection":[{"href":"https:\/\/centralparc-mb.fr\/index.php?rest_route=\/wp\/v2\/pages"}],"about":[{"href":"https:\/\/centralparc-mb.fr\/index.php?rest_route=\/wp\/v2\/types\/page"}],"author":[{"embeddable":true,"href":"https:\/\/centralparc-mb.fr\/index.php?rest_route=\/wp\/v2\/users\/1"}],"replies":[{"embeddable":true,"href":"https:\/\/centralparc-mb.fr\/index.php?rest_route=%2Fwp%2Fv2%2Fcomments&post=247"}],"version-history":[{"count":5,"href":"https:\/\/centralparc-mb.fr\/index.php?rest_route=\/wp\/v2\/pages\/247\/revisions"}],"predecessor-version":[{"id":298,"href":"https:\/\/centralparc-mb.fr\/index.php?rest_route=\/wp\/v2\/pages\/247\/revisions\/298"}],"wp:attachment":[{"href":"https:\/\/centralparc-mb.fr\/index.php?rest_route=%2Fwp%2Fv2%2Fmedia&parent=247"}],"curies":[{"name":"wp","href":"https:\/\/api.w.org\/{rel}","templated":true}]}}