{"id":186,"date":"2023-04-12T16:03:01","date_gmt":"2023-04-12T14:03:01","guid":{"rendered":"http:\/\/centralparc-mb.fr\/?page_id=186"},"modified":"2023-11-25T22:36:35","modified_gmt":"2023-11-25T21:36:35","slug":"nos-dates-cles-notre-identite-nos-actions","status":"publish","type":"page","link":"https:\/\/centralparc-mb.fr\/?page_id=186","title":{"rendered":"Nos dates Cl\u00e9s \/ Notre identit\u00e9 \/ Nos actions"},"content":{"rendered":"\n<p><strong>Nous <\/strong>agissons dans l\u2019int\u00e9r\u00eat collectif des Mignaliens pour <strong>am\u00e9liorer les conditions de vie d\u00e9grad\u00e9es des habitants des abords de la RN 147 et de la RD 951<\/strong>,&nbsp; des riverains, des enfants des \u00e9coles&nbsp;: pour la restauration du cadre de vie, la d\u00e9fense de l\u2019environnement, la protection de la sant\u00e9 et de la s\u00e9curit\u00e9 des d\u00e9placements.<\/p>\n\n\n\n<p><strong><mark style=\"background-color:rgba(0, 0, 0, 0)\" class=\"has-inline-color has-accent-color\">2003<\/mark><\/strong>\u00a0: \u00e0 l\u2019origine fond\u00e9e pour prot\u00e9ger le cadre de vie et l\u2019environnement des lotissements riverains de la RN 147. \u00a0\u00a0<\/p>\n\n\n\n<p><strong><mark style=\"background-color:rgba(0, 0, 0, 0)\" class=\"has-inline-color has-accent-color\">2006<\/mark><\/strong>\u00a0: l\u2019Etat \u00e9tudie un 1<sup>er<\/sup> projet de d\u00e9viation\u00a0: l\u2019association se mobilise dans la concertation publique. Par arr\u00eat\u00e9, le Ministre des Transports retient la\u00a0 variante Nord (long) comme projet \u00e0 soumettre \u00e0 l\u2019enqu\u00eate publique. Alors qu\u2019aucune suite n\u2019est donn\u00e9e, les habitants voient le trafic se d\u00e9velopper sur la RN\u00a0 147, sur\u00a0 les\u00a0 routes adjacentes, les voies des lotissements, et s\u2019accroitre les nuisances et \u00a0l\u2019ins\u00e9curit\u00e9 routi\u00e8re dans cette zone.<\/p>\n\n\n\n<p><strong>L\u2019association Central Parc &nbsp;&nbsp;Mignaloux-Beauvoir s\u2019implique&nbsp; alors&nbsp; fortement dans tous les projets d\u2019am\u00e9nagements des 2 entr\u00e9es sud-est de Poitiers, la RD 951 et la RN 147.<\/strong><\/p>\n\n\n\n<p><strong><mark style=\"background-color:rgba(0, 0, 0, 0)\" class=\"has-inline-color has-accent-color\">2019<\/mark><\/strong> : Reprise de \u00a0l\u2019\u00e9tude de la d\u00e9viation avec 6 Sc\u00e9narios\u00a0: <strong>1200 habitants signent notre p\u00e9tition<\/strong> remise au Maire de Mignaloux-Beauvoir le 14 Mars 2019. L\u2019association installe ses banderoles le long de la RN, au carrefour de la Route de la gare et \u00e0 l\u2019\u00e9cole et se\u00a0 prononce en faveur du Sc\u00e9nario d\u2019une d\u00e9viation au Nord long.\u00a0 \u00a0<\/p>\n\n\n\n<p><strong><mark style=\"background-color:rgba(0, 0, 0, 0)\" class=\"has-inline-color has-accent-color\">2020<\/mark><\/strong>\u00a0: Etude sur les mobilit\u00e9s men\u00e9e par la Communaut\u00e9 urbaine de Grand Poitiers, cens\u00e9e compl\u00e9ter celle de la d\u00e9viation\u00a0; l\u2019association analyse les projets de d\u00e9veloppement des transports ferr\u00e9s, bus et cycles, et adresse\u00a0 \u00e0 Grand Poitiers un dossier \u00ab\u00a0d\u2019avis contributifs\u00a0\u00bb.<\/p>\n\n\n\n<p><strong><mark style=\"background-color:rgba(0, 0, 0, 0)\" class=\"has-inline-color has-accent-color\">2022<\/mark><\/strong> : Projet d\u2019Autoroute\u00a0Poitiers-Limoges: l\u2019association participe aux r\u00e9unions publiques et\u00a0 aux ateliers et remet un dossier de contribution \u00ab\u00a0Avis contributifs \u00bb aux garants \u00a0de la Commission Nationale du D\u00e9bat Public (CNDP).<\/p>\n\n\n\n<p><strong><mark style=\"background-color:rgba(0, 0, 0, 0)\" class=\"has-inline-color has-accent-color\">Octobre\/Novembre 2022<\/mark><\/strong> : Manifestations des adh\u00e9rents et habitants <strong>traduisant <\/strong>l\u2019opposition des Mignaliens et de leurs \u00e9lus aux 2 projets\u00a0 de Grand Poitiers sur la commune de Mignaloux-Beauvoir\u00a0:\u00a0un \u00a0trac\u00e9 de contournement \u00ab\u00a0\u00a0nord-touches\u00a0\u00bb au beau milieu de Mignaloux-Beauvoir, \u00a0\u00a0avec au pr\u00e9alable, d\u2019importants travaux d\u2019\u00e9largissement de la RN 147 pour y ajouter des\u00a0 voies de bus et pistes cyclables, au beau milieu de tout le trafic existant dont celui des camions.<\/p>\n\n\n\n<p><strong>Acteurs locaux, nous agissons&nbsp;avec tous les \u00e9lus aupr\u00e8s des d\u00e9cideurs pour obtenir une d\u00e9viation \u00e0 Mignaloux-Beauvoir dans l\u2019int\u00e9r\u00eat de la majorit\u00e9 des habitants.&nbsp;<\/strong><\/p>\n\n\n\n<p><strong>Notre volont\u00e9 d\u2019aboutir s\u2019est renforc\u00e9e au fil de la juxtaposition des projets, la multitude des \u00e9tudes&nbsp; et des&nbsp;atermoiements&nbsp; et non d\u00e9cisions &nbsp;des \u00ab&nbsp;d\u00e9cideurs&nbsp;\u00bb. La situation ne peut plus durer&nbsp;: nous sommes plus que jamais mobilis\u00e9s pour faire aboutir une vraie solution durable aux probl\u00e8mes g\u00e9n\u00e9r\u00e9s par les flux routiers et les d\u00e9placements sur les RN 147 et RD 951.<\/strong><\/p>\n\n\n\n<p><strong>Nos analyses d\u00e9taill\u00e9es et contributions \u00e0 l\u2019\u00c9TAT (DREAL), \u00e0 Grand Poitiers&nbsp; et \u00e0&nbsp; la Commission Nationale du D\u00e9bat Public sont disponibles sur demande.<\/strong><\/p>\n\n\n\n<p><em>Association Central Parc Mignaloux-Beauvoir \/Novembre 2022<\/em><\/p>\n","protected":false},"excerpt":{"rendered":"<p>Nous agissons dans l\u2019int\u00e9r\u00eat collectif des Mignaliens pour am\u00e9liorer les conditions de vie d\u00e9grad\u00e9es des habitants des abords de la RN 147 et de la RD 951,&nbsp; des riverains, des [&hellip;]<\/p>\n","protected":false},"author":1,"featured_media":0,"parent":0,"menu_order":0,"comment_status":"closed","ping_status":"closed","template":"","meta":{"footnotes":""},"class_list":["post-186","page","type-page","status-publish","hentry"],"_links":{"self":[{"href":"https:\/\/centralparc-mb.fr\/index.php?rest_route=\/wp\/v2\/pages\/186","targetHints":{"allow":["GET"]}}],"collection":[{"href":"https:\/\/centralparc-mb.fr\/index.php?rest_route=\/wp\/v2\/pages"}],"about":[{"href":"https:\/\/centralparc-mb.fr\/index.php?rest_route=\/wp\/v2\/types\/page"}],"author":[{"embeddable":true,"href":"https:\/\/centralparc-mb.fr\/index.php?rest_route=\/wp\/v2\/users\/1"}],"replies":[{"embeddable":true,"href":"https:\/\/centralparc-mb.fr\/index.php?rest_route=%2Fwp%2Fv2%2Fcomments&post=186"}],"version-history":[{"count":3,"href":"https:\/\/centralparc-mb.fr\/index.php?rest_route=\/wp\/v2\/pages\/186\/revisions"}],"predecessor-version":[{"id":382,"href":"https:\/\/centralparc-mb.fr\/index.php?rest_route=\/wp\/v2\/pages\/186\/revisions\/382"}],"wp:attachment":[{"href":"https:\/\/centralparc-mb.fr\/index.php?rest_route=%2Fwp%2Fv2%2Fmedia&parent=186"}],"curies":[{"name":"wp","href":"https:\/\/api.w.org\/{rel}","templated":true}]}}