{"id":184,"date":"2023-04-12T15:56:12","date_gmt":"2023-04-12T13:56:12","guid":{"rendered":"http:\/\/centralparc-mb.fr\/?page_id=184"},"modified":"2023-12-09T21:45:33","modified_gmt":"2023-12-09T20:45:33","slug":"le-projet-de-grand-poitiers-sur-la-rn-147-en-traversee-de-mignaloux-beauvoir","status":"publish","type":"page","link":"https:\/\/centralparc-mb.fr\/?page_id=184","title":{"rendered":"NON aux projets de Grand Poitiers sur la RN 147 en travers\u00e9e de Mignaloux-Beauvoir"},"content":{"rendered":"\n<p><strong>Avec des transports collectifs et des pistes cyclables, l\u2019\u00e9tude<\/strong> <strong>de Grand Poitiers est\u00a0 suppos\u00e9e am\u00e9liorer les d\u00e9placements.<\/strong> <strong>Mais CE PROJET EST TOTALEMENT INCOHERENT \u00a0car\u00a0 il pr\u00e9voit :<\/strong><\/p>\n\n\n\n<div class=\"wp-block-group alignwide has-subtle-background-background-color has-background\"><div class=\"wp-block-group__inner-container is-layout-constrained wp-block-group-is-layout-constrained\">\n<p><strong><em>\u2192 &nbsp;<\/em><\/strong><strong>D\u2019\u00e9largir la 147<\/strong><strong> &nbsp;<\/strong><strong>en y cr\u00e9ant des Voies suppl\u00e9mentaires pour des bus prioritaires &nbsp;et des pistes cyclables &nbsp;TOUT EN Y MAINTENANT&nbsp; LE TRAFIC ACTUEL<\/strong><\/p>\n\n\n\n<p><strong>\u2192 &nbsp;<\/strong><strong>De reporter la d\u00e9viation \u00e0 15<\/strong><strong> <\/strong><strong>ANS<\/strong><strong>&nbsp;!<\/strong><strong><\/strong><\/p>\n<\/div><\/div>\n\n\n\n<p><strong>&nbsp;&nbsp; Avec comme cons\u00e9quences pour les Mignaliens&nbsp;:<\/strong><\/p>\n\n\n\n<div class=\"wp-block-group alignwide has-subtle-background-background-color has-background\"><div class=\"wp-block-group__inner-container is-layout-constrained wp-block-group-is-layout-constrained\">\n<ul class=\"wp-block-list\">\n<li><strong>Le maintien des 2350 camions\/jour et des voitures, en y ajoutant des bus, &nbsp;v\u00e9los et pi\u00e9tons<\/strong><\/li>\n\n\n\n<li><strong>L\u2019aggravation des probl\u00e8mes actuels<\/strong><\/li>\n\n\n\n<li><strong>Les nuisances caus\u00e9es aux riverains et aux enfants des \u00e9coles<\/strong><\/li>\n\n\n\n<li><strong>Le danger aux multiples carrefours \u00e0 &nbsp;Feux tricolores&nbsp;<\/strong><\/li>\n\n\n\n<li><strong>La congestion du trafic jusqu\u2019\u00e0 La Mil\u00e9trie<\/strong><\/li>\n<\/ul>\n<\/div><\/div>\n\n\n\n<p><strong>Des travaux lourds et aberrants&nbsp;: jugez vous-m\u00eame&nbsp;!<\/strong><\/p>\n\n\n\n<ul class=\"wp-block-list\">\n<li><strong>l\u2019\u00e9largissement consid\u00e9rable de la voierie&nbsp;: 2 x 2 voies \u00e0 nos portes&nbsp;<\/strong><\/li>\n\n\n\n<li><strong>la multiplication des carrefours \u00e0 feux \u00e0 La Mil\u00e9trie et dans Mignaloux, un grand Parking-relais en plein centre bourg \u2026<\/strong><\/li>\n<\/ul>\n\n\n\n<p><strong>Notre position et celle de nos \u00e9lus&nbsp;:<\/strong><\/p>\n\n\n\n<h3 class=\"wp-block-heading alignwide has-subtle-background-background-color has-background\"><strong><em>\u00ab\u00a0Le contournement est un pr\u00e9alable indispensable<\/em><\/strong> <strong><em>et obligatoire avant toute\u00a0 transformation de la RN 147\u00a0\u00bb\u00a0en un boulevard urbain sans camions,<\/em><\/strong> <strong><em>avec des transports attractifs pour la population.<\/em><\/strong><\/h3>\n\n\n\n<p><strong>\u00a0Forum 09 \/ 2022\u00a0<\/strong><\/p>\n","protected":false},"excerpt":{"rendered":"<p>Avec des transports collectifs et des pistes cyclables, l\u2019\u00e9tude de Grand Poitiers est\u00a0 suppos\u00e9e am\u00e9liorer les d\u00e9placements. Mais CE PROJET EST TOTALEMENT INCOHERENT \u00a0car\u00a0 il pr\u00e9voit : \u2192 &nbsp;D\u2019\u00e9largir la [&hellip;]<\/p>\n","protected":false},"author":1,"featured_media":0,"parent":0,"menu_order":0,"comment_status":"closed","ping_status":"closed","template":"","meta":{"footnotes":""},"class_list":["post-184","page","type-page","status-publish","hentry"],"_links":{"self":[{"href":"https:\/\/centralparc-mb.fr\/index.php?rest_route=\/wp\/v2\/pages\/184","targetHints":{"allow":["GET"]}}],"collection":[{"href":"https:\/\/centralparc-mb.fr\/index.php?rest_route=\/wp\/v2\/pages"}],"about":[{"href":"https:\/\/centralparc-mb.fr\/index.php?rest_route=\/wp\/v2\/types\/page"}],"author":[{"embeddable":true,"href":"https:\/\/centralparc-mb.fr\/index.php?rest_route=\/wp\/v2\/users\/1"}],"replies":[{"embeddable":true,"href":"https:\/\/centralparc-mb.fr\/index.php?rest_route=%2Fwp%2Fv2%2Fcomments&post=184"}],"version-history":[{"count":3,"href":"https:\/\/centralparc-mb.fr\/index.php?rest_route=\/wp\/v2\/pages\/184\/revisions"}],"predecessor-version":[{"id":390,"href":"https:\/\/centralparc-mb.fr\/index.php?rest_route=\/wp\/v2\/pages\/184\/revisions\/390"}],"wp:attachment":[{"href":"https:\/\/centralparc-mb.fr\/index.php?rest_route=%2Fwp%2Fv2%2Fmedia&parent=184"}],"curies":[{"name":"wp","href":"https:\/\/api.w.org\/{rel}","templated":true}]}}