{"id":182,"date":"2023-04-12T15:45:55","date_gmt":"2023-04-12T13:45:55","guid":{"rendered":"http:\/\/centralparc-mb.fr\/?page_id=182"},"modified":"2023-11-25T22:38:06","modified_gmt":"2023-11-25T21:38:06","slug":"2006-2022-16-ans-dhistoire","status":"publish","type":"page","link":"https:\/\/centralparc-mb.fr\/?page_id=182","title":{"rendered":"2006\/2022 : 16 ans d\u2019histoire"},"content":{"rendered":"\n<h3 class=\"wp-block-heading alignwide has-text-align-center has-subtle-background-background-color has-background\"><strong>T<\/strong>oujours rien, les riverains s\u2019impatientent<\/h3>\n\n\n\n<h3 class=\"wp-block-heading alignwide has-text-align-center has-subtle-background-background-color has-background\">O\u00f9 en sommes-nous&nbsp;de la d\u00e9viation de Mignaloux-Beauvoir?<\/h3>\n\n\n\n<p>&nbsp;<mark style=\"background-color: rgba(0, 0, 0, 0);\" class=\"has-inline-color has-accent-color\"><b>2005-2006<\/b><\/mark>  <strong>L\u2019Etat &nbsp;(<\/strong>par &nbsp;arr\u00eat\u00e9 minist\u00e9riel) <strong>&nbsp;retient&nbsp; la variante Nord long<\/strong> comme projet pour le contournement de Mignaloux-Beauvoir &nbsp;apr\u00e8s une 1<sup>\u00e8re <\/sup>concertation publique. <strong>Aucune suite.<\/strong><\/p>\n\n\n\n<p><mark style=\"background-color:rgba(0, 0, 0, 0)\" class=\"has-inline-color has-accent-color\"><strong>2018-2019<\/strong><\/mark>\u00a0 L\u2019Etat \u00e9tudie<strong>\u00a06 Sc\u00e9narios pour\u00a0les\u00a0entr\u00e9es\u00a0sud-est de Poitiers <\/strong>et les soumet \u00e0 <strong>une nouvelle concertation publique.<\/strong> <strong>Pas de choix ni de suite \u00e0 ce jour.<\/strong><\/p>\n\n\n\n<p><strong><mark style=\"background-color:rgba(0, 0, 0, 0)\" class=\"has-inline-color has-accent-color\">2020-21<\/mark><\/strong> &nbsp;&nbsp;&nbsp;&nbsp;<strong>Etude &nbsp;<\/strong>compl\u00e9mentaire<strong> par Grand Poitiers &nbsp;sur &nbsp;les &nbsp;Mobilit\u00e9s <\/strong>&nbsp;dans la zone &nbsp;sud-est.<\/p>\n\n\n\n<p><strong><mark style=\"background-color:rgba(0, 0, 0, 0)\" class=\"has-inline-color has-accent-color\">2022<\/mark><\/strong>&nbsp;&nbsp;&nbsp;&nbsp;&nbsp;&nbsp;&nbsp;&nbsp;&nbsp;<strong>Projet de Grand Poitiers non diffus\u00e9<\/strong>, renvoyant le contournement de Mignaloux &nbsp;dans 15 ans&nbsp;!&nbsp;<\/p>\n\n\n\n<p><strong><mark style=\"background-color:rgba(0, 0, 0, 0)\" class=\"has-inline-color has-accent-color\">2022<\/mark><\/strong>&nbsp; &nbsp;&nbsp;&nbsp;&nbsp;&nbsp;&nbsp;&nbsp;<strong>Projet d\u2019AUTOROUTE &nbsp;Poitiers- Limoges<\/strong>&nbsp;: apr\u00e8s la concertation publique, attente des d\u00e9cisions&nbsp; gouvernementales sur la suite, autoroute ou autre solution d\u2019am\u00e9nagement de la 147.<\/p>\n\n\n\n<p><strong>Mais toujours +\u00a0 de nuisances pour les tr\u00e8s nombreux riverains de la RN 147,\u00a0la RD 951, la RD 12<\/strong> \u2026 impact\u00e9s par le trafic et les camions.<\/p>\n\n\n\n<h3 class=\"wp-block-heading alignwide has-subtle-background-background-color has-background\">Il est temps que l\u2019Etat reprenne en main le projet de d\u00e9viation&nbsp;!<\/h3>\n\n\n\n<p><em>&nbsp;&nbsp;<\/em><\/p>\n\n\n\n<p><em>Association Central Parc Mignaloux-Beauvoir \u2013 Forum 09\/ 2022<\/em><\/p>\n","protected":false},"excerpt":{"rendered":"<p>Toujours rien, les riverains s\u2019impatientent O\u00f9 en sommes-nous&nbsp;de la d\u00e9viation de Mignaloux-Beauvoir? &nbsp;2005-2006 L\u2019Etat &nbsp;(par &nbsp;arr\u00eat\u00e9 minist\u00e9riel) &nbsp;retient&nbsp; la variante Nord long comme projet pour le contournement de Mignaloux-Beauvoir &nbsp;apr\u00e8s [&hellip;]<\/p>\n","protected":false},"author":1,"featured_media":0,"parent":0,"menu_order":0,"comment_status":"closed","ping_status":"closed","template":"","meta":{"footnotes":""},"class_list":["post-182","page","type-page","status-publish","hentry"],"_links":{"self":[{"href":"https:\/\/centralparc-mb.fr\/index.php?rest_route=\/wp\/v2\/pages\/182","targetHints":{"allow":["GET"]}}],"collection":[{"href":"https:\/\/centralparc-mb.fr\/index.php?rest_route=\/wp\/v2\/pages"}],"about":[{"href":"https:\/\/centralparc-mb.fr\/index.php?rest_route=\/wp\/v2\/types\/page"}],"author":[{"embeddable":true,"href":"https:\/\/centralparc-mb.fr\/index.php?rest_route=\/wp\/v2\/users\/1"}],"replies":[{"embeddable":true,"href":"https:\/\/centralparc-mb.fr\/index.php?rest_route=%2Fwp%2Fv2%2Fcomments&post=182"}],"version-history":[{"count":4,"href":"https:\/\/centralparc-mb.fr\/index.php?rest_route=\/wp\/v2\/pages\/182\/revisions"}],"predecessor-version":[{"id":384,"href":"https:\/\/centralparc-mb.fr\/index.php?rest_route=\/wp\/v2\/pages\/182\/revisions\/384"}],"wp:attachment":[{"href":"https:\/\/centralparc-mb.fr\/index.php?rest_route=%2Fwp%2Fv2%2Fmedia&parent=182"}],"curies":[{"name":"wp","href":"https:\/\/api.w.org\/{rel}","templated":true}]}}