{"id":176,"date":"2023-04-12T15:22:18","date_gmt":"2023-04-12T13:22:18","guid":{"rendered":"http:\/\/centralparc-mb.fr\/?page_id=176"},"modified":"2023-04-12T15:22:18","modified_gmt":"2023-04-12T13:22:18","slug":"deviation-de-la-147-pourquoi-il-faut-choisir-le-trace-nord-long","status":"publish","type":"page","link":"https:\/\/centralparc-mb.fr\/?page_id=176","title":{"rendered":"D\u00e9viation de la 147 Pourquoi il faut choisir le trac\u00e9 Nord long\u00a0"},"content":{"rendered":"\n<figure class=\"wp-block-image size-full\"><img loading=\"lazy\" decoding=\"async\" width=\"848\" height=\"585\" src=\"http:\/\/centralparc-mb.fr\/wp-content\/uploads\/2023\/04\/pourquoi_nord_long-e1681305640573.jpg\" alt=\"\" class=\"wp-image-177\" srcset=\"https:\/\/centralparc-mb.fr\/wp-content\/uploads\/2023\/04\/pourquoi_nord_long-e1681305640573.jpg 848w, https:\/\/centralparc-mb.fr\/wp-content\/uploads\/2023\/04\/pourquoi_nord_long-e1681305640573-300x207.jpg 300w, https:\/\/centralparc-mb.fr\/wp-content\/uploads\/2023\/04\/pourquoi_nord_long-e1681305640573-768x530.jpg 768w\" sizes=\"auto, (max-width: 848px) 100vw, 848px\" \/><\/figure>\n\n\n\n<p><strong>LE TRAC\u00c9 NORD LONG relie la RN 147, \u00e0 partir du Brelinguet, &nbsp;\u00e0 la RD 951 pour se raccorder ensuite \u00e0 la p\u00e9n\u00e9trante &nbsp;au droit de la voie Malraux&nbsp;:<\/strong><\/p>\n\n\n\n<ul class=\"wp-block-list\">\n<li><strong>LE SEUL A PRENDRE EN COMPTE LES 2 &nbsp;ENTR\u00c9ES &nbsp;Sud-Est de Poitiers, en les d\u00e9lestant du trafic de transit et des poids lourds, qui n\u2019ont rien \u00e0 faire en entr\u00e9e de ville<\/strong><\/li>\n\n\n\n<li><strong>il \u00e9vite les embouteillages au rond-point du CHU, La Mil\u00e9trie<\/strong><\/li>\n\n\n\n<li><strong>il permettra apr\u00e8s la d\u00e9viation d\u2019am\u00e9nager la 147 et la 951. &nbsp;<\/strong><\/li>\n<\/ul>\n\n\n\n<p><strong><u>LE TRAC\u00c9 NORD LONG EST POSSIBLE, <\/u><\/strong><strong>\u00c9LOIGN\u00c9 DES HABITATIONS&nbsp; et de moindre impact sur les milieux humains et naturels, avec une emprise bien moins large que celle dessin\u00e9 par la DREAL en 2019.<\/strong><strong>&nbsp;<\/strong><\/p>\n\n\n\n<p><strong>ET LE TRAC\u00c9 SUD&nbsp;?<\/strong><\/p>\n\n\n\n<p><strong>&#8211; il ne prend pas en compte la RD 951, c\u2019est pourtant 13000 V&nbsp;\/J dont 1300 camions<\/strong><\/p>\n\n\n\n<p><strong>&#8211; il ram\u00e8nerait &nbsp;tout le trafic de transit sur La Mil\u00e9trie, de la gare de Mignaloux vers le CHU, en passant au droit du Bois Joli &nbsp;et \u00e0 proximit\u00e9 imm\u00e9diate du P\u00e2tis, avec des centaines d\u2019habitations concern\u00e9es<\/strong>.<\/p>\n\n\n\n<div class=\"wp-block-group alignwide has-subtle-background-background-color has-background\"><div class=\"wp-block-group__inner-container is-layout-constrained wp-block-group-is-layout-constrained\">\n<p><strong>NON<\/strong> <strong>aux trac\u00e9s et am\u00e9nagements<\/strong> <strong>qui concentrent tous les trafics sur La MIL\u00c9TRIE<\/strong><\/p>\n<\/div><\/div>\n\n\n\n<p>2021<\/p>\n","protected":false},"excerpt":{"rendered":"<p>LE TRAC\u00c9 NORD LONG relie la RN 147, \u00e0 partir du Brelinguet, &nbsp;\u00e0 la RD 951 pour se raccorder ensuite \u00e0 la p\u00e9n\u00e9trante &nbsp;au droit de la voie Malraux&nbsp;: LE [&hellip;]<\/p>\n","protected":false},"author":1,"featured_media":0,"parent":0,"menu_order":0,"comment_status":"closed","ping_status":"closed","template":"","meta":{"footnotes":""},"class_list":["post-176","page","type-page","status-publish","hentry"],"_links":{"self":[{"href":"https:\/\/centralparc-mb.fr\/index.php?rest_route=\/wp\/v2\/pages\/176","targetHints":{"allow":["GET"]}}],"collection":[{"href":"https:\/\/centralparc-mb.fr\/index.php?rest_route=\/wp\/v2\/pages"}],"about":[{"href":"https:\/\/centralparc-mb.fr\/index.php?rest_route=\/wp\/v2\/types\/page"}],"author":[{"embeddable":true,"href":"https:\/\/centralparc-mb.fr\/index.php?rest_route=\/wp\/v2\/users\/1"}],"replies":[{"embeddable":true,"href":"https:\/\/centralparc-mb.fr\/index.php?rest_route=%2Fwp%2Fv2%2Fcomments&post=176"}],"version-history":[{"count":1,"href":"https:\/\/centralparc-mb.fr\/index.php?rest_route=\/wp\/v2\/pages\/176\/revisions"}],"predecessor-version":[{"id":178,"href":"https:\/\/centralparc-mb.fr\/index.php?rest_route=\/wp\/v2\/pages\/176\/revisions\/178"}],"wp:attachment":[{"href":"https:\/\/centralparc-mb.fr\/index.php?rest_route=%2Fwp%2Fv2%2Fmedia&parent=176"}],"curies":[{"name":"wp","href":"https:\/\/api.w.org\/{rel}","templated":true}]}}