{"id":174,"date":"2023-04-12T15:15:00","date_gmt":"2023-04-12T13:15:00","guid":{"rendered":"http:\/\/centralparc-mb.fr\/?page_id=174"},"modified":"2023-04-12T15:15:00","modified_gmt":"2023-04-12T13:15:00","slug":"article-paru-dans-le-mignalien-daout-2022","status":"publish","type":"page","link":"https:\/\/centralparc-mb.fr\/?page_id=174","title":{"rendered":"Article paru dans Le \u00ab\u00a0Mignalien\u00a0\u00bb\u00a0 d\u2019Ao\u00fbt 2022"},"content":{"rendered":"\n<p><strong>Depuis 2006, l\u2019Association<\/strong> <strong>Central Parc Mignaloux-Beauvoir<\/strong> agit dans l\u2019int\u00e9r\u00eat des Mignaliens &nbsp;pour r\u00e9pondre au probl\u00e8me de la circulation routi\u00e8re et&nbsp; de la d\u00e9gradation des conditions de vie, de sant\u00e9 et de s\u00e9curit\u00e9 aux abords des RN 147 et RD 951, pour les riverains, les enfants des \u00e9coles et cr\u00e8che, les usagers de ces routes.<\/p>\n\n\n\n<ol class=\"wp-block-list\" type=\"1\">\n<li><strong>NOTRE &nbsp;PRIORIT\u00c9&nbsp;: AGIR POUR RETROUVER DES CONDITIONS DE VIE ACCEPTABLES<\/strong><strong><\/strong><\/li>\n<\/ol>\n\n\n\n<p>Durantla r\u00e9cente concertation sur le projet d\u2019autoroute Poitiers-Limoges, l\u2019Etat a encore constat\u00e9, comme en 2006 et en 2019, le besoin d\u2019une nouvelle infrastructure routi\u00e8re pour r\u00e9gler le probl\u00e8me des trafics cumul\u00e9s aux entr\u00e9es sud-est de Poitiers.<\/p>\n\n\n\n<p>La d\u00e9viation de la RN 147 est la demande l\u00e9gitime d\u2019une grande majorit\u00e9 des Mignaliens exprim\u00e9e \u00e0 diff\u00e9rentes reprises<strong>. &nbsp;<\/strong>Nous d\u00e9fendons le projet d\u2019une d\u00e9viation loin des&nbsp; zones les plus habit\u00e9es, captant en amont les v\u00e9hicules en transit. Ainsi, le \u00ab&nbsp;trac\u00e9 Nord long&nbsp;\u00bb d\u00e9bouchant au droit de la voie Malraux,&nbsp; le seul \u00e0 prendre en compte les RN 147 et RD 951, soulagerait la vie de milliers d\u2019habitants qui subissent le bruit et les pollutions le long de ces axes et b\u00e9n\u00e9ficierait \u00e0 tous les usagers de ces&nbsp; routes. Ce trac\u00e9 est possible, avec un impact limit\u00e9 sur le milieu naturel et humain<strong>.<\/strong><\/p>\n\n\n\n<p>Telle est aussi la position de nos \u00e9lus locaux, d\u00e9partementaux et nationaux, aupr\u00e8s desquels nous sommes intervenus \u00e0 plusieurs reprises en 2022. Il est grand temps que cette d\u00e9viation se concr\u00e9tise comme le pr\u00e9voit le contrat &nbsp;de plan Etat- R\u00e9gion<strong>.<\/strong><\/p>\n\n\n\n<ul class=\"wp-block-list\">\n<li><strong>LA D\u00c9VIATION &nbsp;EN URGENCE, &nbsp;AVANT TOUTE TRANSFORMATION DE LA RN 147 EN TRAVERS\u00c9E DE LA COMMUNE<\/strong><strong><\/strong><\/li>\n<\/ul>\n\n\n\n<p>Pour offrir aux habitants le choix de leurs modes de transport<strong>, <\/strong>Central Parc Mignaloux-Beauvoira <strong>&nbsp;<\/strong>contribu\u00e9 en 2021 \u00e0 l\u2019\u00e9tude sur les mobilit\u00e9s locales pilot\u00e9e par Grand Poitiers en proposant diff\u00e9rentes solutions.<\/p>\n\n\n\n<p>Cependant, Grand Poitiersenvisageraitdes travaux de transformation de la RN 147 en y cr\u00e9ant notamment des voies suppl\u00e9mentaires, piste cyclable et voies sp\u00e9cifiques pour des bus prioritaires &nbsp;(BHNS), avant m\u00eame que soit r\u00e9alis\u00e9e la d\u00e9viation<strong>, <\/strong>renvoy\u00e9e &nbsp;\u00e0 15 ans&nbsp;!&nbsp;<\/p>\n\n\n\n<p>Incoh\u00e9rent et inacceptable, ce projet maintient le cumul des camions, voitures et bus, sans parler des v\u00e9los et pi\u00e9tons, au prix de travaux consid\u00e9rables impactant tr\u00e8s fortement la commune (\u00e9largissement de la &nbsp;voierie,&nbsp; ajouts de carrefours \u00e0 feux, voire grand parking-relai&nbsp; dans Mignaloux \u2026). Ce projet ne &nbsp;r\u00e9glerait rien du probl\u00e8me des nuisances caus\u00e9es par les 2350 poids lourds quotidiens et aggraverait m\u00eame la congestion&nbsp;sur la RN 147 matin et soir et lors des grands d\u00e9parts.<\/p>\n\n\n\n<p>Avec nos \u00e9lus, nous r\u00e9affirmons que la d\u00e9viation \u00ab&nbsp;<em>est un pr\u00e9alable indispensable et obligatoire avant tout am\u00e9nagement de la RN 147 et de la &nbsp;RD 951&nbsp;<\/em>\u00bb&nbsp; et nous r\u00e9agirions \u00e0 tout projet qui n\u2019irait pas dans ce sens. &nbsp;Mettons les choses dans l\u2019ordre&nbsp;: c\u2019est bien une fois cette d\u00e9viation r\u00e9alis\u00e9e et emprunt\u00e9e par le flux du transit qu\u2019on pourra am\u00e9nager durablement ces 2 axes&nbsp;: pour une circulation locale sans camions, apais\u00e9e et &nbsp;s\u00e9curis\u00e9e, avec des modes de transports diversifi\u00e9s et attractifs pour la population. <strong><\/strong><\/p>\n\n\n\n<p><strong>Rejoignez-nous en contactant : <\/strong><a href=\"mailto:centralparcmb@gmail.com\"><strong>centralparcmb@gmail.com<\/strong><\/a>&nbsp;&nbsp;&nbsp;&nbsp;<\/p>\n","protected":false},"excerpt":{"rendered":"<p>Depuis 2006, l\u2019Association Central Parc Mignaloux-Beauvoir agit dans l\u2019int\u00e9r\u00eat des Mignaliens &nbsp;pour r\u00e9pondre au probl\u00e8me de la circulation routi\u00e8re et&nbsp; de la d\u00e9gradation des conditions de vie, de sant\u00e9 et [&hellip;]<\/p>\n","protected":false},"author":1,"featured_media":0,"parent":0,"menu_order":0,"comment_status":"closed","ping_status":"closed","template":"","meta":{"footnotes":""},"class_list":["post-174","page","type-page","status-publish","hentry"],"_links":{"self":[{"href":"https:\/\/centralparc-mb.fr\/index.php?rest_route=\/wp\/v2\/pages\/174","targetHints":{"allow":["GET"]}}],"collection":[{"href":"https:\/\/centralparc-mb.fr\/index.php?rest_route=\/wp\/v2\/pages"}],"about":[{"href":"https:\/\/centralparc-mb.fr\/index.php?rest_route=\/wp\/v2\/types\/page"}],"author":[{"embeddable":true,"href":"https:\/\/centralparc-mb.fr\/index.php?rest_route=\/wp\/v2\/users\/1"}],"replies":[{"embeddable":true,"href":"https:\/\/centralparc-mb.fr\/index.php?rest_route=%2Fwp%2Fv2%2Fcomments&post=174"}],"version-history":[{"count":1,"href":"https:\/\/centralparc-mb.fr\/index.php?rest_route=\/wp\/v2\/pages\/174\/revisions"}],"predecessor-version":[{"id":175,"href":"https:\/\/centralparc-mb.fr\/index.php?rest_route=\/wp\/v2\/pages\/174\/revisions\/175"}],"wp:attachment":[{"href":"https:\/\/centralparc-mb.fr\/index.php?rest_route=%2Fwp%2Fv2%2Fmedia&parent=174"}],"curies":[{"name":"wp","href":"https:\/\/api.w.org\/{rel}","templated":true}]}}