{"id":172,"date":"2023-04-12T15:11:41","date_gmt":"2023-04-12T13:11:41","guid":{"rendered":"http:\/\/centralparc-mb.fr\/?page_id=172"},"modified":"2023-04-12T15:11:41","modified_gmt":"2023-04-12T13:11:41","slug":"rn-147-pour-une-vraie-deviation","status":"publish","type":"page","link":"https:\/\/centralparc-mb.fr\/?page_id=172","title":{"rendered":"RN 147\u00a0: POUR UNE VRAIE D\u00c9VIATION"},"content":{"rendered":"\n<div class=\"wp-block-group alignwide has-subtle-background-background-color has-background\"><div class=\"wp-block-group__inner-container is-layout-constrained wp-block-group-is-layout-constrained\">\n<h2 class=\"wp-block-heading\"><strong>Prot\u00e9geons\u00a0 les habitants et\u00a0 notre\u00a0 environnement.<\/strong> <strong>Nous sommes tous concern\u00e9s.<\/strong><\/h2>\n\n\n\n<figure class=\"wp-block-image size-full\"><img loading=\"lazy\" decoding=\"async\" width=\"1024\" height=\"574\" src=\"http:\/\/centralparc-mb.fr\/wp-content\/uploads\/2022\/11\/JLB-PHOTO-dans-LO-147.jpg\" alt=\"\" class=\"wp-image-17\" srcset=\"https:\/\/centralparc-mb.fr\/wp-content\/uploads\/2022\/11\/JLB-PHOTO-dans-LO-147.jpg 1024w, https:\/\/centralparc-mb.fr\/wp-content\/uploads\/2022\/11\/JLB-PHOTO-dans-LO-147-300x168.jpg 300w, https:\/\/centralparc-mb.fr\/wp-content\/uploads\/2022\/11\/JLB-PHOTO-dans-LO-147-768x431.jpg 768w\" sizes=\"auto, (max-width: 1024px) 100vw, 1024px\" \/><\/figure>\n<\/div><\/div>\n\n\n\n<h3 class=\"wp-block-heading\"><strong>DES \u00a0CONDITIONS DE VIE D\u00c9GRAD\u00c9ES\u00a0: trop de \u00a0trafic, trop de nuisances, trop de pollution<\/strong><\/h3>\n\n\n\n<ul class=\"wp-block-list\">\n<li><strong>Pour les riverains des &nbsp;<\/strong><strong>RN 147 et RD 951<\/strong><\/li>\n\n\n\n<li><strong>Pour les enfants des \u00e9coles et de la cr\u00e8che<\/strong><strong><\/strong><\/li>\n\n\n\n<li><strong>Pour tous les habitants &nbsp;<\/strong><strong><\/strong><\/li>\n<\/ul>\n\n\n\n<h3 class=\"wp-block-heading\"><strong>LA D\u00c9VIATION RAPIDEMENT ET PAS DANS 15 ANS<\/strong><\/h3>\n\n\n\n<ul class=\"wp-block-list\">\n<li><strong>Pour capter les v\u00e9hicules en transit sur les 2 routes,<\/strong><\/li>\n\n\n\n<li><strong>La condition pour une circulation apais\u00e9e en travers\u00e9e de MB<\/strong><\/li>\n<\/ul>\n\n\n\n<p><strong>&nbsp;<\/strong><strong>= OUI \u00e0 un contournement Nord Long, loin des habitations<\/strong><strong>&nbsp;<\/strong><\/p>\n\n\n\n<p>= <strong>NON<\/strong> aux trac\u00e9s orientant tout le trafic &nbsp;vers la MIL\u00c9TRIE<\/p>\n\n\n\n<h3 class=\"wp-block-heading\"><strong>ET APR\u00c8S LA D\u00c9VIATION, une fois les camions d\u00e9tourn\u00e9s<\/strong><\/h3>\n\n\n\n<ul class=\"wp-block-list\">\n<li><strong>des offres de transport vers les CHU, Campus, Centre-ville&nbsp;: bus, navettes, covoiturage, parcs-relais et l\u2019organisation <\/strong><strong>d\u2019une circulation fluide et apais\u00e9e, sans camions.<\/strong><strong><\/strong><\/li>\n<\/ul>\n\n\n\n<p><strong><em>&nbsp;Forum des associations 28\/08\/ 2022&nbsp;&nbsp;&nbsp;&nbsp;&nbsp;&nbsp;&nbsp;<\/em><\/strong><\/p>\n","protected":false},"excerpt":{"rendered":"<p>Prot\u00e9geons\u00a0 les habitants et\u00a0 notre\u00a0 environnement. Nous sommes tous concern\u00e9s. DES \u00a0CONDITIONS DE VIE D\u00c9GRAD\u00c9ES\u00a0: trop de \u00a0trafic, trop de nuisances, trop de pollution LA D\u00c9VIATION RAPIDEMENT ET PAS DANS [&hellip;]<\/p>\n","protected":false},"author":1,"featured_media":0,"parent":0,"menu_order":0,"comment_status":"closed","ping_status":"closed","template":"","meta":{"footnotes":""},"class_list":["post-172","page","type-page","status-publish","hentry"],"_links":{"self":[{"href":"https:\/\/centralparc-mb.fr\/index.php?rest_route=\/wp\/v2\/pages\/172","targetHints":{"allow":["GET"]}}],"collection":[{"href":"https:\/\/centralparc-mb.fr\/index.php?rest_route=\/wp\/v2\/pages"}],"about":[{"href":"https:\/\/centralparc-mb.fr\/index.php?rest_route=\/wp\/v2\/types\/page"}],"author":[{"embeddable":true,"href":"https:\/\/centralparc-mb.fr\/index.php?rest_route=\/wp\/v2\/users\/1"}],"replies":[{"embeddable":true,"href":"https:\/\/centralparc-mb.fr\/index.php?rest_route=%2Fwp%2Fv2%2Fcomments&post=172"}],"version-history":[{"count":1,"href":"https:\/\/centralparc-mb.fr\/index.php?rest_route=\/wp\/v2\/pages\/172\/revisions"}],"predecessor-version":[{"id":173,"href":"https:\/\/centralparc-mb.fr\/index.php?rest_route=\/wp\/v2\/pages\/172\/revisions\/173"}],"wp:attachment":[{"href":"https:\/\/centralparc-mb.fr\/index.php?rest_route=%2Fwp%2Fv2%2Fmedia&parent=172"}],"curies":[{"name":"wp","href":"https:\/\/api.w.org\/{rel}","templated":true}]}}