{"id":161,"date":"2023-04-11T21:15:46","date_gmt":"2023-04-11T19:15:46","guid":{"rendered":"http:\/\/centralparc-mb.fr\/?page_id=161"},"modified":"2023-04-16T09:51:59","modified_gmt":"2023-04-16T07:51:59","slug":"nos-objectifs","status":"publish","type":"page","link":"https:\/\/centralparc-mb.fr\/?page_id=161","title":{"rendered":"Association Central Parc Mignaloux-Beauvoir"},"content":{"rendered":"\n<div class=\"wp-block-group alignwide has-subtle-background-background-color has-background\"><div class=\"wp-block-group__inner-container is-layout-constrained wp-block-group-is-layout-constrained\">\n<h3 class=\"wp-block-heading\"><strong><strong>Nos objectifs en quelques lignes<\/strong><\/strong><\/h3>\n\n\n\n<p><mark style=\"background-color:rgba(0, 0, 0, 0)\" class=\"has-inline-color has-accent-color\"><strong>POUR QUI :<\/strong> <\/mark><mark style=\"background-color:rgba(0, 0, 0, 0)\" class=\"has-inline-color has-primary-color\">\u00a0\u00a0\u00a0 pour les habitants de Mignaloux-Beauvoir impact\u00e9s par les nuisances des deux axes routiers, la RN 147 et la RD 951.<\/mark><\/p>\n\n\n\n<p><strong><mark style=\"background-color:rgba(0, 0, 0, 0)\" class=\"has-inline-color has-accent-color\">POURQUOI :<\/mark>&nbsp;&nbsp;<\/strong> pour prot\u00e9ger les riverains, enfants des \u00e9coles, habitants, et am\u00e9liorer les d\u00e9placements de tous les usagers par la r\u00e9alisation d\u2019une d\u00e9viation routi\u00e8re par le Nord et de moindre impact.<\/p>\n\n\n\n<p><mark style=\"background-color:rgba(0, 0, 0, 0)\" class=\"has-inline-color has-accent-color\"><strong>COMMENT <\/strong>:<\/mark> \u00a0 nous agissons avec les \u00e9lus des territoires pour faire valoir une solution durable dans l\u2019int\u00e9r\u00eat de la majorit\u00e9 des habitants.<\/p>\n<\/div><\/div>\n\n\n\n<div style=\"height:28px\" aria-hidden=\"true\" class=\"wp-block-spacer\"><\/div>\n\n\n\n<p class=\"has-drop-cap\">L\u2019Association agit aupr\u00e8s des \u00e9lus et des autorit\u00e9s pour <strong>am\u00e9liorer les conditions de Vie, de Sant\u00e9 et de S\u00e9curit\u00e9\u00a0des riverains et habitants\u00a0 de Mignaloux Beauvoir. <\/strong>La \u00a0commune est travers\u00e9e par deux axes routiers \u00e0 grande circulation, la RN 147 vers Limoges et la RD 951 vers Chauvigny. Sur la RN 147 \u00a0circule un fort trafic, dont 2350 poids lourds par jour, qui traversent un secteur urbain \u00a0entre la place de l\u2019Eglise et l\u2019acc\u00e8s aux \u00e9coles, commerces, mairie, centre bourg \u2026 \u00a0La RD 951 supporte aussi une importante circulation, dont 1300 camions\u00a0journaliers.<\/p>\n\n\n\n<p>Toutes les communes du sud-est de Poitiers empruntent la RN 147 et la RD 951, portes d\u2019entr\u00e9e de l\u2019agglom\u00e9ration. L\u2019\u00e9tude d\u2019une d\u00e9viation, lanc\u00e9e en 2006, a abouti\u00a0au choix d\u2019une variante au Nord captant les 2 routes\u00a0: projet suspendu puis repris par l\u2019ETAT en 2019.<\/p>\n\n\n\n<p>Ceci ne peut plus durer: partout en France, les centres bourgs sont contourn\u00e9s. Comme \u00a0\u00e0 Fleur\u00e9 ou \u00e0 Mign\u00e9-Auxances, <strong>le trafic \u00a0inter-r\u00e9gional et international \u00a0doit \u00eatre d\u00e9tourn\u00e9\u00a0:<\/strong><\/p>\n\n\n\n<ul class=\"wp-block-list\">\n<li>pour que des centaines de riverains, enfants des \u00e9coles, habitants,\u00a0 retrouvent des conditions de <strong><mark style=\"background-color:rgba(0, 0, 0, 0)\" class=\"has-inline-color has-accent-color\">VIE<\/mark> <\/strong>et de <strong><mark style=\"background-color:rgba(0, 0, 0, 0)\" class=\"has-inline-color has-accent-color\">SANT\u00c9<\/mark><\/strong> acceptables.<\/li>\n\n\n\n<li>pour que \u00a0les \u00a0usagers de ces routes y circulent en <strong><mark style=\"background-color:rgba(0, 0, 0, 0)\" class=\"has-inline-color has-accent-color\">SECURIT\u00c9<\/mark><\/strong>, sans les dangers de la cohabitation du trafic local, national et international.<\/li>\n<\/ul>\n\n\n\n<div class=\"wp-block-group alignwide has-subtle-background-background-color has-background\"><div class=\"wp-block-group__inner-container is-layout-constrained wp-block-group-is-layout-constrained\">\n<p class=\"has-subtle-background-background-color has-background has-normal-font-size\">L\u2019Association CENTRAL PARC&nbsp; Mignaloux-Beauvoir&nbsp; milite pour faire valoir<strong> une solution durable dans l\u2019int\u00e9r\u00eat de la majorit\u00e9 des habitants&nbsp;; le projet que nous soutenons est celui d\u2019une vraie d\u00e9viation par un contournement routier au Nord,<\/strong> \u00e9tudi\u00e9 pour un moindre impact humain et environnemental.<\/p>\n<\/div><\/div>\n\n\n\n<p>Habitants, riverains, usagers de la route, vous partagez notre objectif, <a href=\"http:\/\/centralparc-mb.fr\/?page_id=13\">rejoignez-nous<\/a>\u00a0!<\/p>\n\n\n\n<p><em>Novembre 2022<\/em><\/p>\n","protected":false},"excerpt":{"rendered":"<p>Nos objectifs en quelques lignes POUR QUI : \u00a0\u00a0\u00a0 pour les habitants de Mignaloux-Beauvoir impact\u00e9s par les nuisances des deux axes routiers, la RN 147 et la RD 951. POURQUOI [&hellip;]<\/p>\n","protected":false},"author":1,"featured_media":0,"parent":0,"menu_order":0,"comment_status":"closed","ping_status":"closed","template":"","meta":{"footnotes":""},"class_list":["post-161","page","type-page","status-publish","hentry"],"_links":{"self":[{"href":"https:\/\/centralparc-mb.fr\/index.php?rest_route=\/wp\/v2\/pages\/161","targetHints":{"allow":["GET"]}}],"collection":[{"href":"https:\/\/centralparc-mb.fr\/index.php?rest_route=\/wp\/v2\/pages"}],"about":[{"href":"https:\/\/centralparc-mb.fr\/index.php?rest_route=\/wp\/v2\/types\/page"}],"author":[{"embeddable":true,"href":"https:\/\/centralparc-mb.fr\/index.php?rest_route=\/wp\/v2\/users\/1"}],"replies":[{"embeddable":true,"href":"https:\/\/centralparc-mb.fr\/index.php?rest_route=%2Fwp%2Fv2%2Fcomments&post=161"}],"version-history":[{"count":11,"href":"https:\/\/centralparc-mb.fr\/index.php?rest_route=\/wp\/v2\/pages\/161\/revisions"}],"predecessor-version":[{"id":290,"href":"https:\/\/centralparc-mb.fr\/index.php?rest_route=\/wp\/v2\/pages\/161\/revisions\/290"}],"wp:attachment":[{"href":"https:\/\/centralparc-mb.fr\/index.php?rest_route=%2Fwp%2Fv2%2Fmedia&parent=161"}],"curies":[{"name":"wp","href":"https:\/\/api.w.org\/{rel}","templated":true}]}}