{"id":13,"date":"2022-11-13T14:04:58","date_gmt":"2022-11-13T13:04:58","guid":{"rendered":"http:\/\/centralparc-mb.fr\/?page_id=13"},"modified":"2023-06-07T12:13:13","modified_gmt":"2023-06-07T10:13:13","slug":"a-propos-de","status":"publish","type":"page","link":"https:\/\/centralparc-mb.fr\/?page_id=13","title":{"rendered":"Pourquoi nous rejoindre ?"},"content":{"rendered":"\n<ul class=\"wp-block-list\">\n<li>Pour <strong><mark style=\"background-color:rgba(0, 0, 0, 0)\" class=\"has-inline-color has-accent-color\">soutenir<\/mark><\/strong> notre engagement.<\/li>\n\n\n\n<li>Pour \u00eatre <strong><mark style=\"background-color:rgba(0, 0, 0, 0)\" class=\"has-inline-color has-accent-color\">inform\u00e9<\/mark><\/strong> par mail personnel des \u00e9volutions des projets.<\/li>\n\n\n\n<li>Pour \u00eatre <strong><mark style=\"background-color:rgba(0, 0, 0, 0)\" class=\"has-inline-color has-accent-color\">entendu<\/mark><\/strong>, pouvoir agir et peser collectivement sur les d\u00e9cisions.<\/li>\n\n\n\n<li>Parce que plus aucun habitant de Mignaloux-Beauvoir ne peut se consid\u00e9rer \u00e0 l&rsquo;abri de futures d\u00e9cisions.<\/li>\n<\/ul>\n\n\n\n<div class=\"wp-block-buttons is-content-justification-center is-layout-flex wp-container-core-buttons-is-layout-16018d1d wp-block-buttons-is-layout-flex\">\n<div class=\"wp-block-button\"><a class=\"wp-block-button__link has-text-align-center wp-element-button\" href=\"http:\/\/centralparc-mb.fr\/?page_id=118\">Comment adh\u00e9rer ?<\/a><\/div>\n<\/div>\n","protected":false},"excerpt":{"rendered":"","protected":false},"author":1,"featured_media":0,"parent":0,"menu_order":0,"comment_status":"closed","ping_status":"closed","template":"","meta":{"footnotes":""},"class_list":["post-13","page","type-page","status-publish","hentry"],"_links":{"self":[{"href":"https:\/\/centralparc-mb.fr\/index.php?rest_route=\/wp\/v2\/pages\/13","targetHints":{"allow":["GET"]}}],"collection":[{"href":"https:\/\/centralparc-mb.fr\/index.php?rest_route=\/wp\/v2\/pages"}],"about":[{"href":"https:\/\/centralparc-mb.fr\/index.php?rest_route=\/wp\/v2\/types\/page"}],"author":[{"embeddable":true,"href":"https:\/\/centralparc-mb.fr\/index.php?rest_route=\/wp\/v2\/users\/1"}],"replies":[{"embeddable":true,"href":"https:\/\/centralparc-mb.fr\/index.php?rest_route=%2Fwp%2Fv2%2Fcomments&post=13"}],"version-history":[{"count":6,"href":"https:\/\/centralparc-mb.fr\/index.php?rest_route=\/wp\/v2\/pages\/13\/revisions"}],"predecessor-version":[{"id":329,"href":"https:\/\/centralparc-mb.fr\/index.php?rest_route=\/wp\/v2\/pages\/13\/revisions\/329"}],"wp:attachment":[{"href":"https:\/\/centralparc-mb.fr\/index.php?rest_route=%2Fwp%2Fv2%2Fmedia&parent=13"}],"curies":[{"name":"wp","href":"https:\/\/api.w.org\/{rel}","templated":true}]}}