{"id":127,"date":"2022-12-30T18:40:55","date_gmt":"2022-12-30T17:40:55","guid":{"rendered":"http:\/\/centralparc-mb.fr\/?page_id=127"},"modified":"2023-11-25T22:20:21","modified_gmt":"2023-11-25T21:20:21","slug":"projets-grand-poitiers","status":"publish","type":"page","link":"https:\/\/centralparc-mb.fr\/?page_id=127","title":{"rendered":"Projets Grand Poitiers"},"content":{"rendered":"\n<div class=\"wp-block-file\"><a id=\"wp-block-file--media-df50de93-bce3-4a00-bb27-a8db66c42380\" href=\"http:\/\/centralparc-mb.fr\/wp-content\/uploads\/2023\/06\/EGIS-GP-ETUDE-MULTIMODALE-mars-2021.pdf\">Etude sur les mobilit\u00e9s r\u00e9alis\u00e9e par EGIS et pilot\u00e9e par Grand Poitiers<\/a><a href=\"http:\/\/centralparc-mb.fr\/wp-content\/uploads\/2023\/06\/EGIS-GP-ETUDE-MULTIMODALE-mars-2021.pdf\" class=\"wp-block-file__button wp-element-button\" download aria-describedby=\"wp-block-file--media-df50de93-bce3-4a00-bb27-a8db66c42380\">T\u00e9l\u00e9charger<\/a><\/div>\n\n\n\n<p>Les autres documents issus notamment du Conseil Communautaire en 2022 n&rsquo;ont pas \u00e9t\u00e9 rendus publics.<\/p>\n\n\n\n<h2 class=\"wp-block-heading\">Contournement de Mignaloux-Beauvoir<\/h2>\n\n\n\n<p>Grand Poitiers (Bureau Communautaires) a imagin\u00e9 7 trac\u00e9s et propos\u00e9 un trac\u00e9 intitul\u00e9 \u00ab Nord -Vall\u00e9e des Touches \u00bb.<br>La Maire de Mignaloux-Beauvoir expose les raisons de l&rsquo;opposition de la municipalit\u00e9 audit trac\u00e9 qui ne contourne rien.<\/p>\n\n\n\n<div class=\"wp-block-file\"><a id=\"wp-block-file--media-df50de93-bce3-4a00-bb27-a8db66c42380\" href=\"http:\/\/centralparc-mb.fr\/wp-content\/uploads\/2023\/11\/Courrier-aux-Mignaliens-Nord-Touches.pdf\">Lettre aux Mignaliens du 22 septembre 2022 avec les trac\u00e9s en Annexe<\/a><a href=\"http:\/\/centralparc-mb.fr\/wp-content\/uploads\/2023\/11\/Courrier-aux-Mignaliens-Nord-Touches.pdf\" class=\"wp-block-file__button wp-element-button\" download aria-describedby=\"wp-block-file--media-df50de93-bce3-4a00-bb27-a8db66c42380\">T\u00e9l\u00e9charger<\/a><\/div>\n","protected":false},"excerpt":{"rendered":"<p>Les autres documents issus notamment du Conseil Communautaire en 2022 n&rsquo;ont pas \u00e9t\u00e9 rendus publics. Contournement de Mignaloux-Beauvoir Grand Poitiers (Bureau Communautaires) a imagin\u00e9 7 trac\u00e9s et propos\u00e9 un trac\u00e9 [&hellip;]<\/p>\n","protected":false},"author":1,"featured_media":0,"parent":0,"menu_order":0,"comment_status":"closed","ping_status":"closed","template":"","meta":{"footnotes":""},"class_list":["post-127","page","type-page","status-publish","hentry"],"_links":{"self":[{"href":"https:\/\/centralparc-mb.fr\/index.php?rest_route=\/wp\/v2\/pages\/127","targetHints":{"allow":["GET"]}}],"collection":[{"href":"https:\/\/centralparc-mb.fr\/index.php?rest_route=\/wp\/v2\/pages"}],"about":[{"href":"https:\/\/centralparc-mb.fr\/index.php?rest_route=\/wp\/v2\/types\/page"}],"author":[{"embeddable":true,"href":"https:\/\/centralparc-mb.fr\/index.php?rest_route=\/wp\/v2\/users\/1"}],"replies":[{"embeddable":true,"href":"https:\/\/centralparc-mb.fr\/index.php?rest_route=%2Fwp%2Fv2%2Fcomments&post=127"}],"version-history":[{"count":5,"href":"https:\/\/centralparc-mb.fr\/index.php?rest_route=\/wp\/v2\/pages\/127\/revisions"}],"predecessor-version":[{"id":375,"href":"https:\/\/centralparc-mb.fr\/index.php?rest_route=\/wp\/v2\/pages\/127\/revisions\/375"}],"wp:attachment":[{"href":"https:\/\/centralparc-mb.fr\/index.php?rest_route=%2Fwp%2Fv2%2Fmedia&parent=127"}],"curies":[{"name":"wp","href":"https:\/\/api.w.org\/{rel}","templated":true}]}}