{"id":118,"date":"2022-12-30T18:37:12","date_gmt":"2022-12-30T17:37:12","guid":{"rendered":"http:\/\/centralparc-mb.fr\/?page_id=118"},"modified":"2026-04-04T09:47:53","modified_gmt":"2026-04-04T07:47:53","slug":"comment-adherer","status":"publish","type":"page","link":"https:\/\/centralparc-mb.fr\/?page_id=118","title":{"rendered":"Comment adh\u00e9rer ?"},"content":{"rendered":"\n<p>La cotisation est de<strong>&nbsp;5 \u20ac par adh\u00e9rent&nbsp;<\/strong>ou montant libre en cotisation de soutien.<\/p>\n\n\n\n<ul class=\"wp-block-list\">\n<li>par virement, selon RIB ci-dessous, en pr\u00e9cisant vos nom et adresse. (<strong>Attention notre RIB a chang\u00e9 !<\/strong>)<\/li>\n\n\n\n<li>par ch\u00e8que, courrier \u00e0 d\u00e9poser ou adresser \u00e0 \u201cAssociation Central Parc M-B\u201d,&nbsp; Mairie, 268 route de la gare 86550 Mignaloux-Beauvoir.<\/li>\n<\/ul>\n\n\n\n<div class=\"wp-block-file\"><a id=\"wp-block-file--media-2be78ffb-ee1b-49b9-b5bc-5a9584096583\" href=\"http:\/\/centralparc-mb.fr\/wp-content\/uploads\/2025\/11\/CPMB-RIB-2025.pdf\">RIB CPMB<\/a><a href=\"http:\/\/centralparc-mb.fr\/wp-content\/uploads\/2025\/11\/CPMB-RIB-2025.pdf\" class=\"wp-block-file__button wp-element-button\" download aria-describedby=\"wp-block-file--media-2be78ffb-ee1b-49b9-b5bc-5a9584096583\">T\u00e9l\u00e9charger<\/a><\/div>\n\n\n\n<div class=\"wp-block-file\"><a id=\"wp-block-file--media-1954f9de-0430-4618-b1f4-9b5da79cbb26\" href=\"http:\/\/centralparc-mb.fr\/wp-content\/uploads\/2026\/04\/CPMB-ADHESION-2026.pdf\">CPMB-ADHESION 2026<\/a><a href=\"http:\/\/centralparc-mb.fr\/wp-content\/uploads\/2026\/04\/CPMB-ADHESION-2026.pdf\" class=\"wp-block-file__button wp-element-button\" download aria-describedby=\"wp-block-file--media-1954f9de-0430-4618-b1f4-9b5da79cbb26\">T\u00e9l\u00e9charger<\/a><\/div>\n\n\n\n<p><\/p>\n","protected":false},"excerpt":{"rendered":"<p>La cotisation est de&nbsp;5 \u20ac par adh\u00e9rent&nbsp;ou montant libre en cotisation de soutien.<\/p>\n","protected":false},"author":1,"featured_media":0,"parent":0,"menu_order":0,"comment_status":"closed","ping_status":"closed","template":"","meta":{"footnotes":""},"class_list":["post-118","page","type-page","status-publish","hentry"],"_links":{"self":[{"href":"https:\/\/centralparc-mb.fr\/index.php?rest_route=\/wp\/v2\/pages\/118","targetHints":{"allow":["GET"]}}],"collection":[{"href":"https:\/\/centralparc-mb.fr\/index.php?rest_route=\/wp\/v2\/pages"}],"about":[{"href":"https:\/\/centralparc-mb.fr\/index.php?rest_route=\/wp\/v2\/types\/page"}],"author":[{"embeddable":true,"href":"https:\/\/centralparc-mb.fr\/index.php?rest_route=\/wp\/v2\/users\/1"}],"replies":[{"embeddable":true,"href":"https:\/\/centralparc-mb.fr\/index.php?rest_route=%2Fwp%2Fv2%2Fcomments&post=118"}],"version-history":[{"count":7,"href":"https:\/\/centralparc-mb.fr\/index.php?rest_route=\/wp\/v2\/pages\/118\/revisions"}],"predecessor-version":[{"id":538,"href":"https:\/\/centralparc-mb.fr\/index.php?rest_route=\/wp\/v2\/pages\/118\/revisions\/538"}],"wp:attachment":[{"href":"https:\/\/centralparc-mb.fr\/index.php?rest_route=%2Fwp%2Fv2%2Fmedia&parent=118"}],"curies":[{"name":"wp","href":"https:\/\/api.w.org\/{rel}","templated":true}]}}